{"id":78,"date":"2020-03-19T20:33:42","date_gmt":"2020-03-19T20:33:42","guid":{"rendered":"http:\/\/www.mickiewicza30.waw.pl\/?page_id=78"},"modified":"2020-03-29T10:33:36","modified_gmt":"2020-03-29T10:33:36","slug":"statut-spoldzielni","status":"publish","type":"page","link":"https:\/\/www.mickiewicza30.waw.pl\/index.php\/statut-spoldzielni\/","title":{"rendered":"Statut Sp\u00f3\u0142dzielni"},"content":{"rendered":"\n<p>Statut Sp\u00f3\u0142dzielni Mieszkaniowej im. Adama Mickiewicza w Warszawie ustanowiony w 2019 roku mo\u017cna znale\u017a\u0107 <a href=\"http:\/\/www.mickiewicza30.waw.pl\/wp-content\/uploads\/2020\/03\/Statut-Spo\u0301\u0142dzielni-Mieszkaniowej-im.-Adama-Mickiewicza-w-Warszawie-2019.pdf\">tutaj<\/a>. <\/p>\n\n\n\n<figure class=\"wp-block-image size-large is-resized\"><a href=\"http:\/\/www.mickiewicza30.waw.pl\/wp-content\/uploads\/2020\/03\/Statut-Spo\u0301\u0142dzielni-Mieszkaniowej-im.-Adama-Mickiewicza-w-Warszawie-2019.pdf\"><img loading=\"lazy\" decoding=\"async\" src=\"http:\/\/www.mickiewicza30.waw.pl\/wp-content\/uploads\/2020\/03\/icons8-download-96.png\" alt=\"\" class=\"wp-image-114\" width=\"48\" height=\"48\"\/><\/a><\/figure>\n\n\n\n<p><\/p>\n","protected":false},"excerpt":{"rendered":"<p>Statut Sp\u00f3\u0142dzielni Mieszkaniowej im. Adama Mickiewicza w Warszawie ustanowiony w 2019 roku mo\u017cna znale\u017a\u0107 tutaj.<\/p>\n","protected":false},"author":1,"featured_media":0,"parent":0,"menu_order":0,"comment_status":"closed","ping_status":"closed","template":"","meta":{"neve_meta_sidebar":"full-width","neve_meta_container":"","neve_meta_enable_content_width":"on","neve_meta_content_width":100,"neve_meta_title_alignment":"","neve_meta_author_avatar":"","neve_post_elements_order":"","neve_meta_disable_header":"","neve_meta_disable_footer":"","neve_meta_disable_title":"","footnotes":""},"class_list":["post-78","page","type-page","status-publish","hentry"],"_links":{"self":[{"href":"https:\/\/www.mickiewicza30.waw.pl\/index.php\/wp-json\/wp\/v2\/pages\/78","targetHints":{"allow":["GET"]}}],"collection":[{"href":"https:\/\/www.mickiewicza30.waw.pl\/index.php\/wp-json\/wp\/v2\/pages"}],"about":[{"href":"https:\/\/www.mickiewicza30.waw.pl\/index.php\/wp-json\/wp\/v2\/types\/page"}],"author":[{"embeddable":true,"href":"https:\/\/www.mickiewicza30.waw.pl\/index.php\/wp-json\/wp\/v2\/users\/1"}],"replies":[{"embeddable":true,"href":"https:\/\/www.mickiewicza30.waw.pl\/index.php\/wp-json\/wp\/v2\/comments?post=78"}],"version-history":[{"count":6,"href":"https:\/\/www.mickiewicza30.waw.pl\/index.php\/wp-json\/wp\/v2\/pages\/78\/revisions"}],"predecessor-version":[{"id":133,"href":"https:\/\/www.mickiewicza30.waw.pl\/index.php\/wp-json\/wp\/v2\/pages\/78\/revisions\/133"}],"wp:attachment":[{"href":"https:\/\/www.mickiewicza30.waw.pl\/index.php\/wp-json\/wp\/v2\/media?parent=78"}],"curies":[{"name":"wp","href":"https:\/\/api.w.org\/{rel}","templated":true}]}}