{"id":73,"date":"2020-03-19T20:31:55","date_gmt":"2020-03-19T20:31:55","guid":{"rendered":"http:\/\/www.mickiewicza30.waw.pl\/?page_id=73"},"modified":"2024-06-21T13:37:21","modified_gmt":"2024-06-21T13:37:21","slug":"zarzad","status":"publish","type":"page","link":"https:\/\/www.mickiewicza30.waw.pl\/index.php\/zarzad\/","title":{"rendered":"Zarz\u0105d"},"content":{"rendered":"\n<p><strong>Prezes Zarz\u0105du:<\/strong> Piotr Topi\u0144ski<br><strong>Cz\u0142onek Zarz\u0105du:<\/strong> Maja Kalinowska- Krywolewicz<br><strong>Cz\u0142onek Zarz\u0105du:<\/strong> Magdalena Freytag<\/p>\n","protected":false},"excerpt":{"rendered":"<p>Prezes Zarz\u0105du: Piotr Topi\u0144skiCz\u0142onek Zarz\u0105du: Maja Kalinowska- KrywolewiczCz\u0142onek Zarz\u0105du: Magdalena Freytag<\/p>\n","protected":false},"author":1,"featured_media":0,"parent":0,"menu_order":0,"comment_status":"closed","ping_status":"closed","template":"","meta":{"neve_meta_sidebar":"full-width","neve_meta_container":"","neve_meta_enable_content_width":"on","neve_meta_content_width":100,"neve_meta_title_alignment":"","neve_meta_author_avatar":"","neve_post_elements_order":"","neve_meta_disable_header":"","neve_meta_disable_footer":"","neve_meta_disable_title":"","footnotes":""},"class_list":["post-73","page","type-page","status-publish","hentry"],"_links":{"self":[{"href":"https:\/\/www.mickiewicza30.waw.pl\/index.php\/wp-json\/wp\/v2\/pages\/73","targetHints":{"allow":["GET"]}}],"collection":[{"href":"https:\/\/www.mickiewicza30.waw.pl\/index.php\/wp-json\/wp\/v2\/pages"}],"about":[{"href":"https:\/\/www.mickiewicza30.waw.pl\/index.php\/wp-json\/wp\/v2\/types\/page"}],"author":[{"embeddable":true,"href":"https:\/\/www.mickiewicza30.waw.pl\/index.php\/wp-json\/wp\/v2\/users\/1"}],"replies":[{"embeddable":true,"href":"https:\/\/www.mickiewicza30.waw.pl\/index.php\/wp-json\/wp\/v2\/comments?post=73"}],"version-history":[{"count":5,"href":"https:\/\/www.mickiewicza30.waw.pl\/index.php\/wp-json\/wp\/v2\/pages\/73\/revisions"}],"predecessor-version":[{"id":178,"href":"https:\/\/www.mickiewicza30.waw.pl\/index.php\/wp-json\/wp\/v2\/pages\/73\/revisions\/178"}],"wp:attachment":[{"href":"https:\/\/www.mickiewicza30.waw.pl\/index.php\/wp-json\/wp\/v2\/media?parent=73"}],"curies":[{"name":"wp","href":"https:\/\/api.w.org\/{rel}","templated":true}]}}