{"id":71,"date":"2020-03-19T20:31:46","date_gmt":"2020-03-19T20:31:46","guid":{"rendered":"http:\/\/www.mickiewicza30.waw.pl\/?page_id=71"},"modified":"2024-06-21T13:36:49","modified_gmt":"2024-06-21T13:36:49","slug":"rada-nadzorcza","status":"publish","type":"page","link":"https:\/\/www.mickiewicza30.waw.pl\/index.php\/rada-nadzorcza\/","title":{"rendered":"Rada Nadzorcza"},"content":{"rendered":"\n<p><\/p>\n\n\n\n<p><strong>Przewodnicz\u0105cy Rady Nadzorczej:<\/strong> Piotr Zalewski<br><strong>Sekretarz Rady Nadzorczej: <\/strong>Natalia Woroszylska<br><strong>Zast\u0119pca Rady Nadzorczej:<\/strong> Julia Wollner<br><strong>Cz\u0142onek Rady Nadzorczej:<\/strong> Joanna Kacprzak<br><strong>Cz\u0142onek Rady Nadzorczej:<\/strong> Anna Perzy\u0144ska<\/p>\n\n\n\n<p><br><\/p>\n","protected":false},"excerpt":{"rendered":"<p>Przewodnicz\u0105cy Rady Nadzorczej: Piotr ZalewskiSekretarz Rady Nadzorczej: Natalia WoroszylskaZast\u0119pca Rady Nadzorczej: Julia WollnerCz\u0142onek Rady Nadzorczej: Joanna KacprzakCz\u0142onek Rady Nadzorczej: Anna Perzy\u0144ska<\/p>\n","protected":false},"author":1,"featured_media":0,"parent":0,"menu_order":0,"comment_status":"closed","ping_status":"closed","template":"","meta":{"neve_meta_sidebar":"full-width","neve_meta_container":"","neve_meta_enable_content_width":"on","neve_meta_content_width":100,"neve_meta_title_alignment":"","neve_meta_author_avatar":"","neve_post_elements_order":"","neve_meta_disable_header":"","neve_meta_disable_footer":"","neve_meta_disable_title":"","footnotes":""},"class_list":["post-71","page","type-page","status-publish","hentry"],"_links":{"self":[{"href":"https:\/\/www.mickiewicza30.waw.pl\/index.php\/wp-json\/wp\/v2\/pages\/71","targetHints":{"allow":["GET"]}}],"collection":[{"href":"https:\/\/www.mickiewicza30.waw.pl\/index.php\/wp-json\/wp\/v2\/pages"}],"about":[{"href":"https:\/\/www.mickiewicza30.waw.pl\/index.php\/wp-json\/wp\/v2\/types\/page"}],"author":[{"embeddable":true,"href":"https:\/\/www.mickiewicza30.waw.pl\/index.php\/wp-json\/wp\/v2\/users\/1"}],"replies":[{"embeddable":true,"href":"https:\/\/www.mickiewicza30.waw.pl\/index.php\/wp-json\/wp\/v2\/comments?post=71"}],"version-history":[{"count":9,"href":"https:\/\/www.mickiewicza30.waw.pl\/index.php\/wp-json\/wp\/v2\/pages\/71\/revisions"}],"predecessor-version":[{"id":177,"href":"https:\/\/www.mickiewicza30.waw.pl\/index.php\/wp-json\/wp\/v2\/pages\/71\/revisions\/177"}],"wp:attachment":[{"href":"https:\/\/www.mickiewicza30.waw.pl\/index.php\/wp-json\/wp\/v2\/media?parent=71"}],"curies":[{"name":"wp","href":"https:\/\/api.w.org\/{rel}","templated":true}]}}