{"id":69,"date":"2020-03-19T20:31:37","date_gmt":"2020-03-19T20:31:37","guid":{"rendered":"http:\/\/www.mickiewicza30.waw.pl\/?page_id=69"},"modified":"2020-04-05T08:40:18","modified_gmt":"2020-04-05T08:40:18","slug":"historia","status":"publish","type":"page","link":"https:\/\/www.mickiewicza30.waw.pl\/index.php\/historia\/","title":{"rendered":"Historia"},"content":{"rendered":"\n<p> Broszura dotycz\u0105c\u0105 historii Sp\u00f3\u0142dzielni Mieszkaniowej im. Adama Mickiewicza w Warszawie autorstwa Julii Wollner. <\/p>\n\n\n\n<p>Plik PDF z broszur\u0105 mo\u017cna przeczyta\u0107\/pobra\u0107 <a href=\"http:\/\/www.mickiewicza30.waw.pl\/wp-content\/uploads\/2020\/03\/Historia-S.M.-im.-A.-Mickiewicza.pdf\">st\u0105d<\/a>.  <\/p>\n","protected":false},"excerpt":{"rendered":"<p>Broszura dotycz\u0105c\u0105 historii Sp\u00f3\u0142dzielni Mieszkaniowej im. Adama Mickiewicza w Warszawie autorstwa Julii Wollner. Plik PDF z broszur\u0105 mo\u017cna przeczyta\u0107\/pobra\u0107 st\u0105d.<\/p>\n","protected":false},"author":1,"featured_media":0,"parent":0,"menu_order":0,"comment_status":"closed","ping_status":"closed","template":"","meta":{"neve_meta_sidebar":"full-width","neve_meta_container":"","neve_meta_enable_content_width":"on","neve_meta_content_width":100,"neve_meta_title_alignment":"","neve_meta_author_avatar":"","neve_post_elements_order":"","neve_meta_disable_header":"","neve_meta_disable_footer":"","neve_meta_disable_title":"","footnotes":""},"class_list":["post-69","page","type-page","status-publish","hentry"],"_links":{"self":[{"href":"https:\/\/www.mickiewicza30.waw.pl\/index.php\/wp-json\/wp\/v2\/pages\/69","targetHints":{"allow":["GET"]}}],"collection":[{"href":"https:\/\/www.mickiewicza30.waw.pl\/index.php\/wp-json\/wp\/v2\/pages"}],"about":[{"href":"https:\/\/www.mickiewicza30.waw.pl\/index.php\/wp-json\/wp\/v2\/types\/page"}],"author":[{"embeddable":true,"href":"https:\/\/www.mickiewicza30.waw.pl\/index.php\/wp-json\/wp\/v2\/users\/1"}],"replies":[{"embeddable":true,"href":"https:\/\/www.mickiewicza30.waw.pl\/index.php\/wp-json\/wp\/v2\/comments?post=69"}],"version-history":[{"count":5,"href":"https:\/\/www.mickiewicza30.waw.pl\/index.php\/wp-json\/wp\/v2\/pages\/69\/revisions"}],"predecessor-version":[{"id":148,"href":"https:\/\/www.mickiewicza30.waw.pl\/index.php\/wp-json\/wp\/v2\/pages\/69\/revisions\/148"}],"wp:attachment":[{"href":"https:\/\/www.mickiewicza30.waw.pl\/index.php\/wp-json\/wp\/v2\/media?parent=69"}],"curies":[{"name":"wp","href":"https:\/\/api.w.org\/{rel}","templated":true}]}}