{"id":55,"date":"2020-03-19T20:23:07","date_gmt":"2020-03-19T20:23:07","guid":{"rendered":"http:\/\/www.mickiewicza30.waw.pl\/?page_id=55"},"modified":"2020-03-29T10:19:12","modified_gmt":"2020-03-29T10:19:12","slug":"akty-prawne","status":"publish","type":"page","link":"https:\/\/www.mickiewicza30.waw.pl\/index.php\/akty-prawne\/","title":{"rendered":"Akty Prawne"},"content":{"rendered":"\n<p><a href=\"http:\/\/www.mickiewicza30.waw.pl\/index.php\/regulamin-remontow\/\">Regulamin remont\u00f3w<\/a><\/p>\n\n\n\n<p><a href=\"http:\/\/www.mickiewicza30.waw.pl\/index.php\/statut-spoldzielni\/\">Statut Sp\u00f3\u0142dzielni<\/a><\/p>\n","protected":false},"excerpt":{"rendered":"<p>Regulamin remont\u00f3w Statut Sp\u00f3\u0142dzielni<\/p>\n","protected":false},"author":1,"featured_media":0,"parent":0,"menu_order":0,"comment_status":"closed","ping_status":"closed","template":"","meta":{"neve_meta_sidebar":"full-width","neve_meta_container":"","neve_meta_enable_content_width":"on","neve_meta_content_width":100,"neve_meta_title_alignment":"","neve_meta_author_avatar":"","neve_post_elements_order":"","neve_meta_disable_header":"","neve_meta_disable_footer":"","neve_meta_disable_title":"","footnotes":""},"class_list":["post-55","page","type-page","status-publish","hentry"],"_links":{"self":[{"href":"https:\/\/www.mickiewicza30.waw.pl\/index.php\/wp-json\/wp\/v2\/pages\/55","targetHints":{"allow":["GET"]}}],"collection":[{"href":"https:\/\/www.mickiewicza30.waw.pl\/index.php\/wp-json\/wp\/v2\/pages"}],"about":[{"href":"https:\/\/www.mickiewicza30.waw.pl\/index.php\/wp-json\/wp\/v2\/types\/page"}],"author":[{"embeddable":true,"href":"https:\/\/www.mickiewicza30.waw.pl\/index.php\/wp-json\/wp\/v2\/users\/1"}],"replies":[{"embeddable":true,"href":"https:\/\/www.mickiewicza30.waw.pl\/index.php\/wp-json\/wp\/v2\/comments?post=55"}],"version-history":[{"count":2,"href":"https:\/\/www.mickiewicza30.waw.pl\/index.php\/wp-json\/wp\/v2\/pages\/55\/revisions"}],"predecessor-version":[{"id":120,"href":"https:\/\/www.mickiewicza30.waw.pl\/index.php\/wp-json\/wp\/v2\/pages\/55\/revisions\/120"}],"wp:attachment":[{"href":"https:\/\/www.mickiewicza30.waw.pl\/index.php\/wp-json\/wp\/v2\/media?parent=55"}],"curies":[{"name":"wp","href":"https:\/\/api.w.org\/{rel}","templated":true}]}}