{"id":22,"date":"2020-03-19T20:13:22","date_gmt":"2020-03-19T20:13:22","guid":{"rendered":"http:\/\/www.mickiewicza30.waw.pl\/?page_id=22"},"modified":"2023-11-14T12:58:53","modified_gmt":"2023-11-14T12:58:53","slug":"kontakt","status":"publish","type":"page","link":"https:\/\/www.mickiewicza30.waw.pl\/","title":{"rendered":""},"content":{"rendered":"<div class=\"wp-block-image\">\n<figure class=\"aligncenter size-large is-resized\"><img loading=\"lazy\" decoding=\"async\" width=\"900\" height=\"796\" src=\"http:\/\/www.mickiewicza30.waw.pl\/wp-content\/uploads\/2020\/04\/SM-A-Mickiewicza-w-Warszawie.gif\" alt=\"\" class=\"wp-image-144\" style=\"width:450px;height:398px\"\/><\/figure><\/div>\n\n\n<p>Najnowsze og\u0142oszenia dotycz\u0105ce dzia\u0142alno\u015bci Sp\u00f3\u0142dzielni dost\u0119pne s\u0105 <a href=\"http:\/\/www.mickiewicza30.waw.pl\/index.php\/ogloszenia\/\">tutaj<\/a>. <\/p>\n","protected":false},"excerpt":{"rendered":"<p>Najnowsze og\u0142oszenia dotycz\u0105ce dzia\u0142alno\u015bci Sp\u00f3\u0142dzielni dost\u0119pne s\u0105 tutaj.<\/p>\n","protected":false},"author":1,"featured_media":0,"parent":0,"menu_order":0,"comment_status":"closed","ping_status":"closed","template":"","meta":{"neve_meta_sidebar":"","neve_meta_container":"","neve_meta_enable_content_width":"off","neve_meta_content_width":0,"neve_meta_title_alignment":"","neve_meta_author_avatar":"","neve_post_elements_order":"","neve_meta_disable_header":"","neve_meta_disable_footer":"","neve_meta_disable_title":"","footnotes":""},"class_list":["post-22","page","type-page","status-publish","hentry"],"_links":{"self":[{"href":"https:\/\/www.mickiewicza30.waw.pl\/index.php\/wp-json\/wp\/v2\/pages\/22","targetHints":{"allow":["GET"]}}],"collection":[{"href":"https:\/\/www.mickiewicza30.waw.pl\/index.php\/wp-json\/wp\/v2\/pages"}],"about":[{"href":"https:\/\/www.mickiewicza30.waw.pl\/index.php\/wp-json\/wp\/v2\/types\/page"}],"author":[{"embeddable":true,"href":"https:\/\/www.mickiewicza30.waw.pl\/index.php\/wp-json\/wp\/v2\/users\/1"}],"replies":[{"embeddable":true,"href":"https:\/\/www.mickiewicza30.waw.pl\/index.php\/wp-json\/wp\/v2\/comments?post=22"}],"version-history":[{"count":25,"href":"https:\/\/www.mickiewicza30.waw.pl\/index.php\/wp-json\/wp\/v2\/pages\/22\/revisions"}],"predecessor-version":[{"id":173,"href":"https:\/\/www.mickiewicza30.waw.pl\/index.php\/wp-json\/wp\/v2\/pages\/22\/revisions\/173"}],"wp:attachment":[{"href":"https:\/\/www.mickiewicza30.waw.pl\/index.php\/wp-json\/wp\/v2\/media?parent=22"}],"curies":[{"name":"wp","href":"https:\/\/api.w.org\/{rel}","templated":true}]}}