{"id":104,"date":"2020-03-29T10:07:47","date_gmt":"2020-03-29T10:07:47","guid":{"rendered":"http:\/\/www.mickiewicza30.waw.pl\/?page_id=104"},"modified":"2020-03-29T10:33:17","modified_gmt":"2020-03-29T10:33:17","slug":"regulamin-remontow","status":"publish","type":"page","link":"https:\/\/www.mickiewicza30.waw.pl\/index.php\/regulamin-remontow\/","title":{"rendered":"Regulamin remont\u00f3w"},"content":{"rendered":"\n<p>Regulamin remont\u00f3w mo\u017cna obejrze\u0107\/pobra\u0107 <a href=\"http:\/\/www.mickiewicza30.waw.pl\/wp-content\/uploads\/2020\/03\/Regulamin-remonto\u0301w-Spo\u0301\u0142dzielni-Mieszkaniowej-im.-Adama-Mickiewicza-w-Warszawie.pdf\">tutaj<\/a>.<\/p>\n\n\n\n<figure class=\"wp-block-image size-large is-resized\"><a href=\"http:\/\/www.mickiewicza30.waw.pl\/wp-content\/uploads\/2020\/03\/Regulamin-remonto%CC%81w-Spo%CC%81%C5%82dzielni-Mieszkaniowej-im.-Adama-Mickiewicza-w-Warszawie.pdf\"><img loading=\"lazy\" decoding=\"async\" src=\"http:\/\/www.mickiewicza30.waw.pl\/wp-content\/uploads\/2020\/03\/icons8-download-96.png\" alt=\"\" class=\"wp-image-114\" width=\"48\" height=\"48\"\/><\/a><\/figure>\n\n\n\n<p><\/p>\n","protected":false},"excerpt":{"rendered":"<p>Regulamin remont\u00f3w mo\u017cna obejrze\u0107\/pobra\u0107 tutaj.<\/p>\n","protected":false},"author":1,"featured_media":0,"parent":0,"menu_order":0,"comment_status":"closed","ping_status":"closed","template":"","meta":{"neve_meta_sidebar":"full-width","neve_meta_container":"","neve_meta_enable_content_width":"on","neve_meta_content_width":100,"neve_meta_title_alignment":"","neve_meta_author_avatar":"","neve_post_elements_order":"","neve_meta_disable_header":"","neve_meta_disable_footer":"","neve_meta_disable_title":"","footnotes":""},"class_list":["post-104","page","type-page","status-publish","hentry"],"_links":{"self":[{"href":"https:\/\/www.mickiewicza30.waw.pl\/index.php\/wp-json\/wp\/v2\/pages\/104","targetHints":{"allow":["GET"]}}],"collection":[{"href":"https:\/\/www.mickiewicza30.waw.pl\/index.php\/wp-json\/wp\/v2\/pages"}],"about":[{"href":"https:\/\/www.mickiewicza30.waw.pl\/index.php\/wp-json\/wp\/v2\/types\/page"}],"author":[{"embeddable":true,"href":"https:\/\/www.mickiewicza30.waw.pl\/index.php\/wp-json\/wp\/v2\/users\/1"}],"replies":[{"embeddable":true,"href":"https:\/\/www.mickiewicza30.waw.pl\/index.php\/wp-json\/wp\/v2\/comments?post=104"}],"version-history":[{"count":5,"href":"https:\/\/www.mickiewicza30.waw.pl\/index.php\/wp-json\/wp\/v2\/pages\/104\/revisions"}],"predecessor-version":[{"id":132,"href":"https:\/\/www.mickiewicza30.waw.pl\/index.php\/wp-json\/wp\/v2\/pages\/104\/revisions\/132"}],"wp:attachment":[{"href":"https:\/\/www.mickiewicza30.waw.pl\/index.php\/wp-json\/wp\/v2\/media?parent=104"}],"curies":[{"name":"wp","href":"https:\/\/api.w.org\/{rel}","templated":true}]}}